{"id":1308,"date":"2025-02-07T09:25:36","date_gmt":"2025-02-07T08:25:36","guid":{"rendered":"https:\/\/carolinedescars.com\/plan-du-site\/"},"modified":"2025-07-01T12:53:47","modified_gmt":"2025-07-01T10:53:47","slug":"plan-du-site","status":"publish","type":"page","link":"https:\/\/carolinedescars.com\/fr\/plan-du-site\/","title":{"rendered":"Plan du site"},"content":{"rendered":"<div id=\"simple-sitemap-container-69e174d8870a7\" class=\"simple-sitemap-container simple-sitemap-container-69e174d8870a7 tab-disabled\"><div class=\"simple-sitemap-wrap\"><h3 class=\"post-type\">Pages<\/h3><ul class=\"simple-sitemap-page main\"><li class=\"sitemap-item page_item page-item-1298\"><a href=\"https:\/\/carolinedescars.com\/fr\/\">Accueil<\/a><\/li>\n<li class=\"sitemap-item page_item page-item-1312\"><a href=\"https:\/\/carolinedescars.com\/fr\/madrid-nuevos-ministerios\/\">Madrid, Nuevos Ministerios<\/a><\/li>\n<li class=\"sitemap-item page_item page-item-1314\"><a href=\"https:\/\/carolinedescars.com\/fr\/minorque-ciutadella\/\">Minorque, Ciutadella<\/a><\/li>\n<li class=\"sitemap-item page_item page-item-1573\"><a href=\"https:\/\/carolinedescars.com\/fr\/madrid-la-latina\/\">Madrid, La Latina<\/a><\/li>\n<li class=\"sitemap-item page_item page-item-1316\"><a href=\"https:\/\/carolinedescars.com\/fr\/madrid-malasana\/\">Madrid, Malasa\u00f1a<\/a><\/li>\n<li class=\"sitemap-item page_item page-item-1318\"><a href=\"https:\/\/carolinedescars.com\/fr\/maison-de-campagne-projet\/\">Maison de campagne, projet<\/a><\/li>\n<li class=\"sitemap-item page_item page-item-1320\"><a href=\"https:\/\/carolinedescars.com\/fr\/paris-trocadero\/\">Paris, Trocad\u00e9ro<\/a><\/li>\n<li class=\"sitemap-item page_item page-item-1322\"><a href=\"https:\/\/carolinedescars.com\/fr\/paris-passy\/\">Paris, Passy<\/a><\/li>\n<li class=\"sitemap-item page_item page-item-1324\"><a href=\"https:\/\/carolinedescars.com\/fr\/paris-la-muette\/\">Paris, La Muette<\/a><\/li>\n<li class=\"sitemap-item page_item page-item-1300\"><a href=\"https:\/\/carolinedescars.com\/fr\/qui-sommes-nous\/\">Qui sommes-nous ?<\/a><\/li>\n<li class=\"sitemap-item page_item page-item-1302\"><a href=\"https:\/\/carolinedescars.com\/fr\/contact\/\">Contact<\/a><\/li>\n<li class=\"sitemap-item page_item page-item-1304\"><a href=\"https:\/\/carolinedescars.com\/fr\/blog\/\">Blog<\/a><\/li>\n<li class=\"sitemap-item page_item page-item-1306\"><a href=\"https:\/\/carolinedescars.com\/fr\/declaration-daccessibilite\/\">D\u00e9claration d&rsquo;accessibilit\u00e9<\/a><\/li>\n<li class=\"sitemap-item page_item page-item-1308\"><a href=\"https:\/\/carolinedescars.com\/fr\/plan-du-site\/\">Plan du site<\/a><\/li>\n<li class=\"sitemap-item page_item page-item-1311\"><a href=\"https:\/\/carolinedescars.com\/fr\/politique-en-matiere-de-cookies-ue\/\">Politique en mati\u00e8re de cookies (UE)<\/a><\/li>\n<li class=\"sitemap-item page_item page-item-1310\"><a href=\"https:\/\/carolinedescars.com\/fr\/declaration-de-confidentialite-ue\/\">D\u00e9claration de confidentialit\u00e9 (UE)<\/a><\/li>\n<\/ul><\/div><div class=\"simple-sitemap-wrap\"><h3 class=\"post-type\">Articles<\/h3><ul class=\"simple-sitemap-post main\"><li class=\"sitemap-item\"><a href=\"https:\/\/carolinedescars.com\/fr\/lame-de-la-decoration-dinterieur-comment-creer-des-espaces-elegants-et-fonctionnels-qui-ont-de-la-personnalite\/\">Donner une \u00e2me \u00e0 votre espace de vie : comment cr\u00e9er des espaces \u00e9l\u00e9gants et fonctionnels avec du caract\u00e8re ?<\/a><\/li><li class=\"sitemap-item\"><a href=\"https:\/\/carolinedescars.com\/fr\/comment-planifier-des-travaux-de-renovation-sans-stress-un-guide-etape-par-etape-pour-un-resultat-impeccable\/\">Comment planifier des travaux en toute s\u00e9r\u00e9nit\u00e9, sans stress avec un r\u00e9sultat \u00e0 la hauteur de ses esp\u00e9rances<\/a><\/li><\/ul><\/div><\/div><br style=\"clear: both;\">","protected":false},"excerpt":{"rendered":"","protected":false},"author":1,"featured_media":0,"parent":0,"menu_order":30,"comment_status":"closed","ping_status":"closed","template":"","meta":{"footnotes":""},"proyectos":[],"class_list":["post-1308","page","type-page","status-publish","hentry"],"_links":{"self":[{"href":"https:\/\/carolinedescars.com\/fr\/wp-json\/wp\/v2\/pages\/1308","targetHints":{"allow":["GET"]}}],"collection":[{"href":"https:\/\/carolinedescars.com\/fr\/wp-json\/wp\/v2\/pages"}],"about":[{"href":"https:\/\/carolinedescars.com\/fr\/wp-json\/wp\/v2\/types\/page"}],"author":[{"embeddable":true,"href":"https:\/\/carolinedescars.com\/fr\/wp-json\/wp\/v2\/users\/1"}],"replies":[{"embeddable":true,"href":"https:\/\/carolinedescars.com\/fr\/wp-json\/wp\/v2\/comments?post=1308"}],"version-history":[{"count":1,"href":"https:\/\/carolinedescars.com\/fr\/wp-json\/wp\/v2\/pages\/1308\/revisions"}],"predecessor-version":[{"id":1309,"href":"https:\/\/carolinedescars.com\/fr\/wp-json\/wp\/v2\/pages\/1308\/revisions\/1309"}],"wp:attachment":[{"href":"https:\/\/carolinedescars.com\/fr\/wp-json\/wp\/v2\/media?parent=1308"}],"wp:term":[{"taxonomy":"proyectos","embeddable":true,"href":"https:\/\/carolinedescars.com\/fr\/wp-json\/wp\/v2\/proyectos?post=1308"}],"curies":[{"name":"wp","href":"https:\/\/api.w.org\/{rel}","templated":true}]}}