{"id":1306,"date":"2025-02-07T09:21:56","date_gmt":"2025-02-07T08:21:56","guid":{"rendered":"https:\/\/carolinedescars.com\/declaration-daccessibilite\/"},"modified":"2025-07-01T12:53:41","modified_gmt":"2025-07-01T10:53:41","slug":"declaration-daccessibilite","status":"publish","type":"page","link":"https:\/\/carolinedescars.com\/fr\/declaration-daccessibilite\/","title":{"rendered":"D\u00e9claration d&rsquo;accessibilit\u00e9"},"content":{"rendered":"\n<p>\u00ab\u00a0<strong>CAROLINE DE PERUSSE DES CARS\u00a0\u00bb<\/strong> s&rsquo;engage \u00e0 fournir un site web accessible au plus grand nombre, ind\u00e9pendamment de leur situation et de leurs capacit\u00e9s.<\/p>\n\n<p>Nous nous effor\u00e7ons de nous conformer le plus possible aux lignes directrices pour l&rsquo;accessibilit\u00e9 des contenus web (WCAG 2.0, niveau AA), publi\u00e9es par le World Wide Web Consortium (W3C). Ces lignes directrices expliquent comment rendre le contenu des sites web plus accessible aux personnes handicap\u00e9es. Le respect de ces lignes directrices contribuera \u00e0 rendre le site plus convivial et plus facile \u00e0 utiliser pour tous les utilisateurs. Bien que nous nous efforcions de respecter les lignes directrices et les normes d&rsquo;accessibilit\u00e9, il n&rsquo;est pas toujours possible de le faire dans tous les domaines et nous nous effor\u00e7ons actuellement de le faire. Veuillez noter qu&rsquo;en raison de la nature dynamique du site web, des probl\u00e8mes mineurs peuvent survenir lors des mises \u00e0 jour p\u00e9riodiques. Nous sommes continuellement \u00e0 la recherche de solutions pour amener toutes les parties du site au m\u00eame niveau d&rsquo;accessibilit\u00e9 globale.<\/p>\n\n<p>Si vous souhaitez signaler des probl\u00e8mes d&rsquo;accessibilit\u00e9, vous pouvez le faire via notre formulaire sur la page <strong><a href=\"https:\/\/carolinedescars.com\/fr\/contact\/\" data-type=\"page\" data-id=\"227\">Contactez-nous.<\/a><\/strong><\/p>\n","protected":false},"excerpt":{"rendered":"<p>\u00ab\u00a0CAROLINE DE PERUSSE DES CARS\u00a0\u00bb s&rsquo;engage \u00e0 fournir un site web accessible au plus grand nombre, ind\u00e9pendamment de leur situation et de leurs capacit\u00e9s. Nous nous effor\u00e7ons de nous conformer le plus possible aux lignes directrices pour l&rsquo;accessibilit\u00e9 des contenus web (WCAG 2.0, niveau AA), publi\u00e9es par le World Wide Web Consortium (W3C). Ces lignes [&hellip;]<\/p>\n","protected":false},"author":1,"featured_media":0,"parent":0,"menu_order":30,"comment_status":"closed","ping_status":"closed","template":"","meta":{"footnotes":""},"proyectos":[],"class_list":["post-1306","page","type-page","status-publish","hentry"],"_links":{"self":[{"href":"https:\/\/carolinedescars.com\/fr\/wp-json\/wp\/v2\/pages\/1306","targetHints":{"allow":["GET"]}}],"collection":[{"href":"https:\/\/carolinedescars.com\/fr\/wp-json\/wp\/v2\/pages"}],"about":[{"href":"https:\/\/carolinedescars.com\/fr\/wp-json\/wp\/v2\/types\/page"}],"author":[{"embeddable":true,"href":"https:\/\/carolinedescars.com\/fr\/wp-json\/wp\/v2\/users\/1"}],"replies":[{"embeddable":true,"href":"https:\/\/carolinedescars.com\/fr\/wp-json\/wp\/v2\/comments?post=1306"}],"version-history":[{"count":1,"href":"https:\/\/carolinedescars.com\/fr\/wp-json\/wp\/v2\/pages\/1306\/revisions"}],"predecessor-version":[{"id":1307,"href":"https:\/\/carolinedescars.com\/fr\/wp-json\/wp\/v2\/pages\/1306\/revisions\/1307"}],"wp:attachment":[{"href":"https:\/\/carolinedescars.com\/fr\/wp-json\/wp\/v2\/media?parent=1306"}],"wp:term":[{"taxonomy":"proyectos","embeddable":true,"href":"https:\/\/carolinedescars.com\/fr\/wp-json\/wp\/v2\/proyectos?post=1306"}],"curies":[{"name":"wp","href":"https:\/\/api.w.org\/{rel}","templated":true}]}}