{"id":1302,"date":"2025-05-13T13:37:08","date_gmt":"2025-05-13T11:37:08","guid":{"rendered":"https:\/\/carolinedescars.com\/contact\/"},"modified":"2025-07-09T10:21:03","modified_gmt":"2025-07-09T08:21:03","slug":"contact","status":"publish","type":"page","link":"https:\/\/carolinedescars.com\/fr\/contact\/","title":{"rendered":"Contact"},"content":{"rendered":"\t\t<div data-elementor-type=\"wp-page\" data-elementor-id=\"1302\" class=\"elementor elementor-1302 elementor-710\" data-elementor-post-type=\"page\">\n\t\t\t\t<div class=\"elementor-element elementor-element-6b48e28 e-flex e-con-boxed e-con e-parent\" data-id=\"6b48e28\" data-element_type=\"container\" data-e-type=\"container\" data-settings=\"{&quot;background_background&quot;:&quot;classic&quot;}\">\n\t\t\t\t\t<div class=\"e-con-inner\">\n\t\t<div class=\"elementor-element elementor-element-befad8d e-con-full e-flex e-con e-child\" data-id=\"befad8d\" data-element_type=\"container\" data-e-type=\"container\">\n\t\t\t\t<div class=\"elementor-element elementor-element-98e00e9 animated-slow elementor-invisible elementor-widget elementor-widget-heading\" data-id=\"98e00e9\" data-element_type=\"widget\" data-e-type=\"widget\" data-settings=\"{&quot;_animation&quot;:&quot;zoomIn&quot;}\" data-widget_type=\"heading.default\">\n\t\t\t\t<div class=\"elementor-widget-container\">\n\t\t\t\t\t<h2 class=\"elementor-heading-title elementor-size-default\">Contact<\/h2>\t\t\t\t<\/div>\n\t\t\t\t<\/div>\n\t\t\t\t<\/div>\n\t\t<div class=\"elementor-element elementor-element-6c8b4e9 e-con-full e-flex e-con e-child\" data-id=\"6c8b4e9\" data-element_type=\"container\" data-e-type=\"container\">\n\t\t\t\t<div class=\"elementor-element elementor-element-cee74e7 elementor-widget elementor-widget-shortcode\" data-id=\"cee74e7\" data-element_type=\"widget\" data-e-type=\"widget\" data-widget_type=\"shortcode.default\">\n\t\t\t\t<div class=\"elementor-widget-container\">\n\t\t\t\t\t\t\t<div class=\"elementor-shortcode\"><\/div>\n\t\t\t\t\t\t<\/div>\n\t\t\t\t<\/div>\n\t\t\t\t<\/div>\n\t\t\t\t\t<\/div>\n\t\t\t\t<\/div>\n\t\t<div class=\"elementor-element elementor-element-f9f9c9c e-flex e-con-boxed e-con e-parent\" data-id=\"f9f9c9c\" data-element_type=\"container\" data-e-type=\"container\">\n\t\t\t\t\t<div class=\"e-con-inner\">\n\t\t<div class=\"elementor-element elementor-element-40f626d e-con-full e-flex e-con e-child\" data-id=\"40f626d\" data-element_type=\"container\" data-e-type=\"container\">\n\t\t\t\t<div class=\"elementor-element elementor-element-dd60aac animated-slow elementor-widget elementor-widget-heading\" data-id=\"dd60aac\" data-element_type=\"widget\" data-e-type=\"widget\" data-settings=\"{&quot;_animation&quot;:&quot;none&quot;}\" data-widget_type=\"heading.default\">\n\t\t\t\t<div class=\"elementor-widget-container\">\n\t\t\t\t\t<h2 class=\"elementor-heading-title elementor-size-default\">Vous souhaitez faire des travaux dans votre appartement ou votre maison ou uniquement r\u00e9nover quelques pi\u00e8ces, nous sommes l\u00e0 pour vous accompagner.<\/h2>\t\t\t\t<\/div>\n\t\t\t\t<\/div>\n\t\t\t\t<div class=\"elementor-element elementor-element-7d6344b animated-slow elementor-invisible elementor-widget elementor-widget-text-editor\" data-id=\"7d6344b\" data-element_type=\"widget\" data-e-type=\"widget\" data-settings=\"{&quot;_animation&quot;:&quot;fadeIn&quot;,&quot;_animation_delay&quot;:600}\" data-widget_type=\"text-editor.default\">\n\t\t\t\t<div class=\"elementor-widget-container\">\n\t\t\t\t\t\t\t\t\t<p>Que votre projet consiste \u00e0 moderniser un int\u00e9rieur ou \u00e0 r\u00e9v\u00e9ler tout le potentiel d\u2019un espace, nous vous proposons un accompagnement sur mesure, un <strong>service exclusif<\/strong>, pens\u00e9 pour r\u00e9pondre \u00e0 vos attentes esth\u00e9tiques, fonctionnelles et budg\u00e9taires.<\/p><p>Nous intervenons de <strong>la phase de conception jusqu\u2019\u00e0 la r\u00e9alisation finale<\/strong>, en vous guidant dans le choix des couleurs, des mat\u00e9riaux, des textures, du mobilier et des luminaires.<\/p><p>Chaque d\u00e9tail est \u00e9tudi\u00e9 avec soin pour cr\u00e9er un ensemble harmonieux et coh\u00e9rent qui vous ressemble \u00e0 l\u2019oppos\u00e9 de la d\u00e9coration standardis\u00e9e qui manque de personnalit\u00e9. Pour les projets plus ambitieux, nous mettons \u00e0 votre disposition notre <strong>r\u00e9seau de partenaires de confiance<\/strong> : entreprises de r\u00e9novation, artisans d\u2019exception, s\u00e9lectionn\u00e9s pour la qualit\u00e9 de leur savoir-faire et leur exigence professionnelle. Nous vous pr\u00e9sentons leurs devis et assurons la <strong>coordination et le suivi du chantier<\/strong>, pour vous offrir un r\u00e9sultat \u00e0 la hauteur de vos attentes.<\/p><p>Nous pouvons \u00e9galement vous accompagner <strong>en amont d\u2019un achat immobilier<\/strong>, afin d\u2019\u00e9valuer le potentiel esth\u00e9tique et fonctionnel du bien.<\/p><p>Enfin, nous proposons des<strong> interventions de relooking ou de home-staging<\/strong>, id\u00e9ales pour valoriser un bien avant sa mise en vente ou en location, en optimisant son image et son attractivit\u00e9.<\/p><p>Chaque projet est unique. C\u2019est pourquoi <strong>nos prestations sont enti\u00e8rement modulables<\/strong>, en fonction de vos besoins, de vos envies et de votre budget.<\/p>\t\t\t\t\t\t\t\t<\/div>\n\t\t\t\t<\/div>\n\t\t<div class=\"elementor-element elementor-element-7b386fc e-con-full e-flex e-con e-child\" data-id=\"7b386fc\" data-element_type=\"container\" data-e-type=\"container\">\n\t\t<div class=\"elementor-element elementor-element-b007fe0 e-con-full e-flex e-con e-child\" data-id=\"b007fe0\" data-element_type=\"container\" data-e-type=\"container\">\n\t\t\t\t<div class=\"elementor-element elementor-element-793d264 animated-slow elementor-widget elementor-widget-heading\" data-id=\"793d264\" data-element_type=\"widget\" data-e-type=\"widget\" data-settings=\"{&quot;_animation&quot;:&quot;none&quot;}\" data-widget_type=\"heading.default\">\n\t\t\t\t<div class=\"elementor-widget-container\">\n\t\t\t\t\t<h4 class=\"elementor-heading-title elementor-size-default\">N'h\u00e9sitez pas \u00e0 nous contacter pour un devis.\n<\/h4>\t\t\t\t<\/div>\n\t\t\t\t<\/div>\n\t\t\t\t<div class=\"elementor-element elementor-element-435d1ea animated-slow elementor-icon-list--layout-traditional elementor-list-item-link-full_width elementor-invisible elementor-widget elementor-widget-icon-list\" data-id=\"435d1ea\" data-element_type=\"widget\" data-e-type=\"widget\" data-settings=\"{&quot;_animation&quot;:&quot;fadeIn&quot;,&quot;_animation_delay&quot;:600}\" data-widget_type=\"icon-list.default\">\n\t\t\t\t<div class=\"elementor-widget-container\">\n\t\t\t\t\t\t\t<ul class=\"elementor-icon-list-items\">\n\t\t\t\t\t\t\t<li class=\"elementor-icon-list-item\">\n\t\t\t\t\t\t\t\t\t\t\t<a href=\"tel:+33661600906\">\n\n\t\t\t\t\t\t\t\t\t\t\t\t<span class=\"elementor-icon-list-icon\">\n\t\t\t\t\t\t\t<svg aria-hidden=\"true\" class=\"e-font-icon-svg e-fas-phone-alt\" viewBox=\"0 0 512 512\" xmlns=\"http:\/\/www.w3.org\/2000\/svg\"><path d=\"M497.39 361.8l-112-48a24 24 0 0 0-28 6.9l-49.6 60.6A370.66 370.66 0 0 1 130.6 204.11l60.6-49.6a23.94 23.94 0 0 0 6.9-28l-48-112A24.16 24.16 0 0 0 122.6.61l-104 24A24 24 0 0 0 0 48c0 256.5 207.9 464 464 464a24 24 0 0 0 23.4-18.6l24-104a24.29 24.29 0 0 0-14.01-27.6z\"><\/path><\/svg>\t\t\t\t\t\t<\/span>\n\t\t\t\t\t\t\t\t\t\t<span class=\"elementor-icon-list-text\">+33 6 61 60 09 06<\/span>\n\t\t\t\t\t\t\t\t\t\t\t<\/a>\n\t\t\t\t\t\t\t\t\t<\/li>\n\t\t\t\t\t\t\t\t<li class=\"elementor-icon-list-item\">\n\t\t\t\t\t\t\t\t\t\t\t<a href=\"tel:+34682592272\">\n\n\t\t\t\t\t\t\t\t\t\t\t\t<span class=\"elementor-icon-list-icon\">\n\t\t\t\t\t\t\t<svg aria-hidden=\"true\" class=\"e-font-icon-svg e-fas-phone-alt\" viewBox=\"0 0 512 512\" xmlns=\"http:\/\/www.w3.org\/2000\/svg\"><path d=\"M497.39 361.8l-112-48a24 24 0 0 0-28 6.9l-49.6 60.6A370.66 370.66 0 0 1 130.6 204.11l60.6-49.6a23.94 23.94 0 0 0 6.9-28l-48-112A24.16 24.16 0 0 0 122.6.61l-104 24A24 24 0 0 0 0 48c0 256.5 207.9 464 464 464a24 24 0 0 0 23.4-18.6l24-104a24.29 24.29 0 0 0-14.01-27.6z\"><\/path><\/svg>\t\t\t\t\t\t<\/span>\n\t\t\t\t\t\t\t\t\t\t<span class=\"elementor-icon-list-text\">+34 682 592 272<\/span>\n\t\t\t\t\t\t\t\t\t\t\t<\/a>\n\t\t\t\t\t\t\t\t\t<\/li>\n\t\t\t\t\t\t<\/ul>\n\t\t\t\t\t\t<\/div>\n\t\t\t\t<\/div>\n\t\t\t\t<\/div>\n\t\t<div class=\"elementor-element elementor-element-a858fee e-con-full e-flex e-con e-child\" data-id=\"a858fee\" data-element_type=\"container\" data-e-type=\"container\">\n\t\t\t\t<div class=\"elementor-element elementor-element-6bae0bb elementor-widget elementor-widget-shortcode\" data-id=\"6bae0bb\" data-element_type=\"widget\" data-e-type=\"widget\" data-widget_type=\"shortcode.default\">\n\t\t\t\t<div class=\"elementor-widget-container\">\n\t\t\t\t\t\t\t<div class=\"elementor-shortcode\"><div class=\"forminator-ui forminator-custom-form forminator-custom-form-1330 forminator-design--material  forminator_ajax\" data-forminator-render=\"0\" data-form=\"forminator-module-1330\" data-uid=\"69e1748c220bc\"><br\/><\/div><form\r\n\t\t\t\tid=\"forminator-module-1330\"\r\n\t\t\t\tclass=\"forminator-ui forminator-custom-form forminator-custom-form-1330 forminator-design--material  forminator_ajax\"\r\n\t\t\t\tmethod=\"post\"\r\n\t\t\t\tdata-forminator-render=\"0\"\r\n\t\t\t\tdata-form-id=\"1330\"\r\n\t\t\t\t data-color-option=\"theme\" data-design=\"material\" data-grid=\"open\" style=\"display: none;\"\r\n\t\t\t\tdata-uid=\"69e1748c220bc\"\r\n\t\t\t><div role=\"alert\" aria-live=\"polite\" class=\"forminator-response-message forminator-error\" aria-hidden=\"true\"><\/div><div class=\"forminator-row\"><div id=\"name-1\" class=\"forminator-field-name forminator-col forminator-col-12 \"><div class=\"forminator-field\"><input type=\"text\" name=\"name-1\" value=\"\" placeholder=\"Nom et pr\u00e9nom *\" id=\"forminator-field-name-1_69e1748c220bc\" class=\"forminator-input forminator-name--field\" aria-required=\"true\" autocomplete=\"name\" \/><\/div><\/div><\/div><div class=\"forminator-row\"><div id=\"email-1\" class=\"forminator-field-email forminator-col forminator-col-6 \"><div class=\"forminator-field\"><input type=\"email\" name=\"email-1\" value=\"\" placeholder=\"Email *\" id=\"forminator-field-email-1_69e1748c220bc\" class=\"forminator-input forminator-email--field\" data-required=\"true\" aria-required=\"true\" autocomplete=\"email\" \/><\/div><\/div><div id=\"phone-1\" class=\"forminator-field-phone forminator-col forminator-col-6 \"><div class=\"forminator-field\"><input type=\"text\" name=\"phone-1\" value=\"\" placeholder=\"T\u00e9l\u00e9phone\" id=\"forminator-field-phone-1_69e1748c220bc\" class=\"forminator-input forminator-field--phone\" data-required=\"\" aria-required=\"false\" autocomplete=\"off\" \/><\/div><\/div><\/div><div class=\"forminator-row\"><div id=\"name-3\" class=\"forminator-field-name forminator-col forminator-col-12 \"><div class=\"forminator-field\"><input type=\"text\" name=\"name-3\" value=\"\" placeholder=\"Objet\" id=\"forminator-field-name-3_69e1748c220bc\" class=\"forminator-input forminator-name--field\" aria-required=\"false\" autocomplete=\"name\" \/><\/div><\/div><\/div><div class=\"forminator-row\"><div id=\"textarea-1\" class=\"forminator-field-textarea forminator-col forminator-col-12 \"><div class=\"forminator-field\"><textarea name=\"textarea-1\" placeholder=\"\u00c9crivez votre message\u2026\" id=\"forminator-field-textarea-1_69e1748c220bc\" class=\"forminator-textarea\" rows=\"6\" style=\"min-height:140px;\" maxlength=\"180\" ><\/textarea><span id=\"forminator-field-textarea-1_69e1748c220bc-description\" class=\"forminator-description\"><span data-limit=\"180\" data-type=\"characters\" data-editor=\"\">0 \/ 180<\/span><\/span><\/div><\/div><\/div><div class=\"forminator-row\"><div id=\"consent-1\" class=\"forminator-field-consent forminator-col forminator-col-12 \"><div class=\"forminator-field\"><div class=\"forminator-checkbox__wrapper\"><label id=\"forminator-field-consent-1_69e1748c220bc__label\" class=\"forminator-checkbox forminator-consent\" aria-labelledby=\"forminator-field-consent-1_69e1748c220bc-label\" aria-hidden=\"true\"><input type=\"checkbox\" name=\"consent-1\" id=\"forminator-field-consent-1_69e1748c220bc\" value=\"checked\" aria-labelledby=\"forminator-field-consent-1_69e1748c220bc-label\" aria-describedby=\"forminator-field-consent-1_69e1748c220bc__description\" data-required=\"true\" aria-required=\"true\" \/><span class=\"forminator-checkbox-box\" aria-hidden=\"true\"><\/span><\/label><div id=\"forminator-field-consent-1_69e1748c220bc__description\" class=\"forminator-checkbox__label forminator-consent__label\"><p>J\u2019ai lu et j\u2019accepte la <a rel=\"noopener\" target=\"_blank\" href=\"https:\/\/carolinedescars.com\/fr\/declaration-de-confidentialite-ue\/\">Politique de Confidentialit\u00e9<\/a>.<\/p><\/div><\/div><\/div><\/div><\/div><input type=\"hidden\" name=\"referer_url\" value=\"\" \/><div class=\"forminator-row forminator-row-last\"><div class=\"forminator-col\"><div class=\"forminator-field\"><button class=\"forminator-button forminator-button-submit\"><span>ENVOYER<\/span><span aria-hidden=\"true\"><\/span><\/button><\/div><\/div><\/div><input type=\"hidden\" id=\"forminator_nonce\" name=\"forminator_nonce\" value=\"862dba81b8\" \/><input type=\"hidden\" name=\"_wp_http_referer\" value=\"\/fr\/wp-json\/wp\/v2\/pages\/1302\" \/><input type=\"hidden\" name=\"form_id\" value=\"1330\"><input type=\"hidden\" name=\"page_id\" value=\"1302\"><input type=\"hidden\" name=\"form_type\" value=\"default\"><input type=\"hidden\" name=\"current_url\" value=\"https:\/\/carolinedescars.com\/fr\/contact\/\"><input type=\"hidden\" name=\"render_id\" value=\"0\"><input type=\"hidden\" name=\"action\" value=\"forminator_submit_form_custom-forms\"><\/form><\/div>\n\t\t\t\t\t\t<\/div>\n\t\t\t\t<\/div>\n\t\t\t\t<\/div>\n\t\t\t\t<\/div>\n\t\t\t\t<\/div>\n\t\t\t\t\t<\/div>\n\t\t\t\t<\/div>\n\t\t\t\t<\/div>\n\t\t","protected":false},"excerpt":{"rendered":"<p>Vous souhaitez faire des travaux dans votre appartement ou votre maison ou uniquement r\u00e9nover quelques pi\u00e8ces, nous sommes l\u00e0 pour vous accompagner. Que votre projet consiste \u00e0 moderniser un int\u00e9rieur ou \u00e0 r\u00e9v\u00e9ler tout le potentiel d\u2019un espace, nous vous proposons un accompagnement sur mesure, un service exclusif, pens\u00e9 pour r\u00e9pondre \u00e0 vos attentes esth\u00e9tiques, [&hellip;]<\/p>\n","protected":false},"author":1,"featured_media":0,"parent":0,"menu_order":13,"comment_status":"closed","ping_status":"closed","template":"","meta":{"footnotes":""},"proyectos":[],"class_list":["post-1302","page","type-page","status-publish","hentry"],"_links":{"self":[{"href":"https:\/\/carolinedescars.com\/fr\/wp-json\/wp\/v2\/pages\/1302","targetHints":{"allow":["GET"]}}],"collection":[{"href":"https:\/\/carolinedescars.com\/fr\/wp-json\/wp\/v2\/pages"}],"about":[{"href":"https:\/\/carolinedescars.com\/fr\/wp-json\/wp\/v2\/types\/page"}],"author":[{"embeddable":true,"href":"https:\/\/carolinedescars.com\/fr\/wp-json\/wp\/v2\/users\/1"}],"replies":[{"embeddable":true,"href":"https:\/\/carolinedescars.com\/fr\/wp-json\/wp\/v2\/comments?post=1302"}],"version-history":[{"count":18,"href":"https:\/\/carolinedescars.com\/fr\/wp-json\/wp\/v2\/pages\/1302\/revisions"}],"predecessor-version":[{"id":1477,"href":"https:\/\/carolinedescars.com\/fr\/wp-json\/wp\/v2\/pages\/1302\/revisions\/1477"}],"wp:attachment":[{"href":"https:\/\/carolinedescars.com\/fr\/wp-json\/wp\/v2\/media?parent=1302"}],"wp:term":[{"taxonomy":"proyectos","embeddable":true,"href":"https:\/\/carolinedescars.com\/fr\/wp-json\/wp\/v2\/proyectos?post=1302"}],"curies":[{"name":"wp","href":"https:\/\/api.w.org\/{rel}","templated":true}]}}