{"id":1300,"date":"2025-05-13T12:56:31","date_gmt":"2025-05-13T10:56:31","guid":{"rendered":"https:\/\/carolinedescars.com\/qui-sommes-nous\/"},"modified":"2025-09-12T10:43:32","modified_gmt":"2025-09-12T08:43:32","slug":"qui-sommes-nous","status":"publish","type":"page","link":"https:\/\/carolinedescars.com\/fr\/qui-sommes-nous\/","title":{"rendered":"Qui sommes-nous ?"},"content":{"rendered":"\t\t<div data-elementor-type=\"wp-page\" data-elementor-id=\"1300\" class=\"elementor elementor-1300 elementor-677\" data-elementor-post-type=\"page\">\n\t\t\t\t<div class=\"elementor-element elementor-element-aeb8235 e-flex e-con-boxed e-con e-parent\" data-id=\"aeb8235\" data-element_type=\"container\" data-e-type=\"container\" data-settings=\"{&quot;background_background&quot;:&quot;classic&quot;}\">\n\t\t\t\t\t<div class=\"e-con-inner\">\n\t\t<div class=\"elementor-element elementor-element-a97f9b0 e-con-full e-flex e-con e-child\" data-id=\"a97f9b0\" data-element_type=\"container\" data-e-type=\"container\">\n\t\t\t\t<div class=\"elementor-element elementor-element-7a041da animated-slow elementor-invisible elementor-widget elementor-widget-heading\" data-id=\"7a041da\" data-element_type=\"widget\" data-e-type=\"widget\" data-settings=\"{&quot;_animation&quot;:&quot;zoomIn&quot;}\" data-widget_type=\"heading.default\">\n\t\t\t\t<div class=\"elementor-widget-container\">\n\t\t\t\t\t<h2 class=\"elementor-heading-title elementor-size-default\">Qui sommes-nous ?<\/h2>\t\t\t\t<\/div>\n\t\t\t\t<\/div>\n\t\t\t\t<\/div>\n\t\t<div class=\"elementor-element elementor-element-cdcb455 e-con-full e-flex e-con e-child\" data-id=\"cdcb455\" data-element_type=\"container\" data-e-type=\"container\">\n\t\t\t\t<div class=\"elementor-element elementor-element-83abc62 elementor-widget elementor-widget-shortcode\" data-id=\"83abc62\" data-element_type=\"widget\" data-e-type=\"widget\" data-widget_type=\"shortcode.default\">\n\t\t\t\t<div class=\"elementor-widget-container\">\n\t\t\t\t\t\t\t<div class=\"elementor-shortcode\"><\/div>\n\t\t\t\t\t\t<\/div>\n\t\t\t\t<\/div>\n\t\t\t\t<\/div>\n\t\t\t\t\t<\/div>\n\t\t\t\t<\/div>\n\t\t<div class=\"elementor-element elementor-element-d8d451e e-flex e-con-boxed e-con e-parent\" data-id=\"d8d451e\" data-element_type=\"container\" data-e-type=\"container\">\n\t\t\t\t\t<div class=\"e-con-inner\">\n\t\t<div class=\"elementor-element elementor-element-406b802 e-con-full e-flex e-con e-child\" data-id=\"406b802\" data-element_type=\"container\" data-e-type=\"container\">\n\t\t\t\t<div class=\"elementor-element elementor-element-30c7b63 elementor-widget elementor-widget-image\" data-id=\"30c7b63\" data-element_type=\"widget\" data-e-type=\"widget\" data-widget_type=\"image.default\">\n\t\t\t\t<div class=\"elementor-widget-container\">\n\t\t\t\t\t\t\t\t\t\t\t\t\t\t\t<img fetchpriority=\"high\" decoding=\"async\" width=\"1340\" height=\"1819\" src=\"https:\/\/carolinedescars.com\/wp-content\/uploads\/2025\/09\/photo-caroline-roussin-1.jpeg\" class=\"attachment-full size-full wp-image-1510\" alt=\"\" srcset=\"https:\/\/carolinedescars.com\/wp-content\/uploads\/2025\/09\/photo-caroline-roussin-1.jpeg 1340w, https:\/\/carolinedescars.com\/wp-content\/uploads\/2025\/09\/photo-caroline-roussin-1-221x300.jpeg 221w, https:\/\/carolinedescars.com\/wp-content\/uploads\/2025\/09\/photo-caroline-roussin-1-754x1024.jpeg 754w, https:\/\/carolinedescars.com\/wp-content\/uploads\/2025\/09\/photo-caroline-roussin-1-768x1043.jpeg 768w, https:\/\/carolinedescars.com\/wp-content\/uploads\/2025\/09\/photo-caroline-roussin-1-1132x1536.jpeg 1132w\" sizes=\"(max-width: 1340px) 100vw, 1340px\" \/>\t\t\t\t\t\t\t\t\t\t\t\t\t\t\t<\/div>\n\t\t\t\t<\/div>\n\t\t\t\t<\/div>\n\t\t<div class=\"elementor-element elementor-element-96c0b2a e-con-full e-flex e-con e-child\" data-id=\"96c0b2a\" data-element_type=\"container\" data-e-type=\"container\">\n\t\t\t\t<div class=\"elementor-element elementor-element-d03847b animated-slow elementor-invisible elementor-widget elementor-widget-text-editor\" data-id=\"d03847b\" data-element_type=\"widget\" data-e-type=\"widget\" data-settings=\"{&quot;_animation&quot;:&quot;fadeIn&quot;,&quot;_animation_delay&quot;:600}\" data-widget_type=\"text-editor.default\">\n\t\t\t\t<div class=\"elementor-widget-container\">\n\t\t\t\t\t\t\t\t\t<p>Avec plus de 20 ans d\u2019exp\u00e9rience dans les secteurs du luxe et du marketing en France et au Royaume-Uni, j\u2019ai op\u00e9r\u00e9 un virage d\u00e9cisif il y a dix ans, celui de me consacrer pleinement \u00e0 ma passion pour l\u2019architecture d\u2019int\u00e9rieur, en prenant en charge la r\u00e9novation d\u2019appartements parisiens.<\/p><p>En 2015, un nouveau chapitre s\u2019est ouvert en Am\u00e9rique du Sud, o\u00f9 j\u2019ai fond\u00e9 une marque de d\u00e9coration ax\u00e9e sur une collaboration \u00e9troite avec des artisans talentueux du Chili, du P\u00e9rou et de Colombie.<\/p><p>Ce projet m\u2019a permis de valoriser des savoir-faire ancestraux tout en d\u00e9veloppant une sensibilit\u00e9 accrue aux mat\u00e9riaux bruts, aux textures et aux cultures locales. Depuis quatre ans, je vis \u00e0 Madrid, o\u00f9 j\u2019ai approfondi mes comp\u00e9tences en obtenant un double master en design d\u2019int\u00e9rieur et d\u00e9coration. J\u2019y poursuis mon activit\u00e9 d\u2019architecte d\u2019int\u00e9rieur, en concevant et r\u00e9inventant des appartements et maisons en Espagne comme en France.<\/p><p>L\u2019architecture, le design et les arts d\u00e9coratifs m\u2019ont toujours inspir\u00e9e. Mes ann\u00e9es dans l\u2019univers du luxe m\u2019ont permis d\u2019affiner mon \u0153il, de cultiver un sens aigu de l\u2019esth\u00e9tique, du d\u00e9tail et du raffinement.<br \/><br \/>Au fil de mes voyages, je me suis impr\u00e9gn\u00e9e de lieux singuliers, d\u2019ambiances vibrantes, de palettes color\u00e9es et d\u2019histoires humaines.<\/p><p>Toutes ces influences nourrissent aujourd\u2019hui mon univers : <strong>cr\u00e9er des espaces \u00e0 la fois \u00e9l\u00e9gants, chaleureux et fonctionnels, o\u00f9 la beaut\u00e9 rencontre le quotidien.<\/strong><\/p>\t\t\t\t\t\t\t\t<\/div>\n\t\t\t\t<\/div>\n\t\t\t\t<div class=\"elementor-element elementor-element-a456dfc animated-slow elementor-widget elementor-widget-heading\" data-id=\"a456dfc\" data-element_type=\"widget\" data-e-type=\"widget\" data-settings=\"{&quot;_animation&quot;:&quot;none&quot;}\" data-widget_type=\"heading.default\">\n\t\t\t\t<div class=\"elementor-widget-container\">\n\t\t\t\t\t<h2 class=\"elementor-heading-title elementor-size-default\">Caroline des Cars<\/h2>\t\t\t\t<\/div>\n\t\t\t\t<\/div>\n\t\t\t\t<\/div>\n\t\t\t\t\t<\/div>\n\t\t\t\t<\/div>\n\t\t<div class=\"elementor-element elementor-element-75941b7 elementor-hidden-desktop elementor-hidden-tablet elementor-hidden-mobile e-flex e-con-boxed e-con e-parent\" data-id=\"75941b7\" data-element_type=\"container\" data-e-type=\"container\">\n\t\t\t\t\t<div class=\"e-con-inner\">\n\t\t<div class=\"elementor-element elementor-element-4951639 e-con-full e-flex e-con e-child\" data-id=\"4951639\" data-element_type=\"container\" data-e-type=\"container\">\n\t\t\t\t<div class=\"elementor-element elementor-element-b024a91 elementor-widget elementor-widget-image\" data-id=\"b024a91\" data-element_type=\"widget\" data-e-type=\"widget\" data-widget_type=\"image.default\">\n\t\t\t\t<div class=\"elementor-widget-container\">\n\t\t\t\t\t\t\t\t\t\t\t\t\t\t\t<img fetchpriority=\"high\" decoding=\"async\" width=\"1340\" height=\"1819\" src=\"https:\/\/carolinedescars.com\/wp-content\/uploads\/2025\/09\/photo-caroline-roussin-1.jpeg\" class=\"attachment-full size-full wp-image-1510\" alt=\"\" srcset=\"https:\/\/carolinedescars.com\/wp-content\/uploads\/2025\/09\/photo-caroline-roussin-1.jpeg 1340w, https:\/\/carolinedescars.com\/wp-content\/uploads\/2025\/09\/photo-caroline-roussin-1-221x300.jpeg 221w, https:\/\/carolinedescars.com\/wp-content\/uploads\/2025\/09\/photo-caroline-roussin-1-754x1024.jpeg 754w, https:\/\/carolinedescars.com\/wp-content\/uploads\/2025\/09\/photo-caroline-roussin-1-768x1043.jpeg 768w, https:\/\/carolinedescars.com\/wp-content\/uploads\/2025\/09\/photo-caroline-roussin-1-1132x1536.jpeg 1132w\" sizes=\"(max-width: 1340px) 100vw, 1340px\" \/>\t\t\t\t\t\t\t\t\t\t\t\t\t\t\t<\/div>\n\t\t\t\t<\/div>\n\t\t\t\t<\/div>\n\t\t<div class=\"elementor-element elementor-element-06ca7df e-con-full e-flex e-con e-child\" data-id=\"06ca7df\" data-element_type=\"container\" data-e-type=\"container\">\n\t\t\t\t<div class=\"elementor-element elementor-element-9829a05 animated-slow elementor-invisible elementor-widget elementor-widget-text-editor\" data-id=\"9829a05\" data-element_type=\"widget\" data-e-type=\"widget\" data-settings=\"{&quot;_animation&quot;:&quot;fadeIn&quot;,&quot;_animation_delay&quot;:600}\" data-widget_type=\"text-editor.default\">\n\t\t\t\t<div class=\"elementor-widget-container\">\n\t\t\t\t\t\t\t\t\t<p>Avec plus de 20 ans d\u2019exp\u00e9rience dans les secteurs du luxe et du marketing en France et au Royaume-Uni, j\u2019ai op\u00e9r\u00e9 un virage d\u00e9cisif il y a dix ans, celui de me consacrer pleinement \u00e0 ma passion pour l\u2019architecture d\u2019int\u00e9rieur, en prenant en charge la r\u00e9novation d\u2019appartements parisiens.<\/p><p>En 2015, un nouveau chapitre s\u2019est ouvert en Am\u00e9rique du Sud, o\u00f9 j\u2019ai fond\u00e9 une marque de d\u00e9coration ax\u00e9e sur une collaboration \u00e9troite avec des artisans talentueux du Chili, du P\u00e9rou et de Colombie.<\/p><p>Ce projet m\u2019a permis de valoriser des savoir-faire ancestraux tout en d\u00e9veloppant une sensibilit\u00e9 accrue aux mat\u00e9riaux bruts, aux textures et aux cultures locales. Depuis quatre ans, je vis \u00e0 Madrid, o\u00f9 j\u2019ai approfondi mes comp\u00e9tences en obtenant un double master en design d\u2019int\u00e9rieur et d\u00e9coration. J\u2019y poursuis mon activit\u00e9 d\u2019architecte d\u2019int\u00e9rieur, en concevant et r\u00e9inventant des appartements et maisons en Espagne comme en France.<\/p><p>L\u2019architecture, le design et les arts d\u00e9coratifs m\u2019ont toujours inspir\u00e9e. Mes ann\u00e9es dans l\u2019univers du luxe m\u2019ont permis d\u2019affiner mon \u0153il, de cultiver un sens aigu de l\u2019esth\u00e9tique, du d\u00e9tail et du raffinement.<br \/><br \/>Au fil de mes voyages, je me suis impr\u00e9gn\u00e9e de lieux singuliers, d\u2019ambiances vibrantes, de palettes color\u00e9es et d\u2019histoires humaines.<\/p><p>Toutes ces influences nourrissent aujourd\u2019hui mon univers : <strong>cr\u00e9er des espaces \u00e0 la fois \u00e9l\u00e9gants, chaleureux et fonctionnels, o\u00f9 la beaut\u00e9 rencontre le quotidien.<\/strong><\/p>\t\t\t\t\t\t\t\t<\/div>\n\t\t\t\t<\/div>\n\t\t\t\t<div class=\"elementor-element elementor-element-527bff9 animated-slow elementor-widget elementor-widget-heading\" data-id=\"527bff9\" data-element_type=\"widget\" data-e-type=\"widget\" data-settings=\"{&quot;_animation&quot;:&quot;none&quot;}\" data-widget_type=\"heading.default\">\n\t\t\t\t<div class=\"elementor-widget-container\">\n\t\t\t\t\t<h2 class=\"elementor-heading-title elementor-size-default\">Caroline des Cars<\/h2>\t\t\t\t<\/div>\n\t\t\t\t<\/div>\n\t\t\t\t<\/div>\n\t\t\t\t\t<\/div>\n\t\t\t\t<\/div>\n\t\t\t\t<\/div>\n\t\t","protected":false},"excerpt":{"rendered":"<p>Avec plus de 20 ans d\u2019exp\u00e9rience dans les secteurs du luxe et du marketing en France et au Royaume-Uni, j\u2019ai op\u00e9r\u00e9 un virage d\u00e9cisif il y a dix ans, celui de me consacrer pleinement \u00e0 ma passion pour l\u2019architecture d\u2019int\u00e9rieur, en prenant en charge la r\u00e9novation d\u2019appartements parisiens. En 2015, un nouveau chapitre s\u2019est ouvert [&hellip;]<\/p>\n","protected":false},"author":1,"featured_media":0,"parent":0,"menu_order":12,"comment_status":"closed","ping_status":"closed","template":"","meta":{"footnotes":""},"proyectos":[],"class_list":["post-1300","page","type-page","status-publish","hentry"],"_links":{"self":[{"href":"https:\/\/carolinedescars.com\/fr\/wp-json\/wp\/v2\/pages\/1300","targetHints":{"allow":["GET"]}}],"collection":[{"href":"https:\/\/carolinedescars.com\/fr\/wp-json\/wp\/v2\/pages"}],"about":[{"href":"https:\/\/carolinedescars.com\/fr\/wp-json\/wp\/v2\/types\/page"}],"author":[{"embeddable":true,"href":"https:\/\/carolinedescars.com\/fr\/wp-json\/wp\/v2\/users\/1"}],"replies":[{"embeddable":true,"href":"https:\/\/carolinedescars.com\/fr\/wp-json\/wp\/v2\/comments?post=1300"}],"version-history":[{"count":15,"href":"https:\/\/carolinedescars.com\/fr\/wp-json\/wp\/v2\/pages\/1300\/revisions"}],"predecessor-version":[{"id":1523,"href":"https:\/\/carolinedescars.com\/fr\/wp-json\/wp\/v2\/pages\/1300\/revisions\/1523"}],"wp:attachment":[{"href":"https:\/\/carolinedescars.com\/fr\/wp-json\/wp\/v2\/media?parent=1300"}],"wp:term":[{"taxonomy":"proyectos","embeddable":true,"href":"https:\/\/carolinedescars.com\/fr\/wp-json\/wp\/v2\/proyectos?post=1300"}],"curies":[{"name":"wp","href":"https:\/\/api.w.org\/{rel}","templated":true}]}}