{"id":1298,"date":"2025-02-03T10:58:15","date_gmt":"2025-02-03T09:58:15","guid":{"rendered":"https:\/\/carolinedescars.com\/accueil\/"},"modified":"2025-07-02T13:46:35","modified_gmt":"2025-07-02T11:46:35","slug":"accueil","status":"publish","type":"page","link":"https:\/\/carolinedescars.com\/fr\/","title":{"rendered":"Accueil"},"content":{"rendered":"\t\t<div data-elementor-type=\"wp-page\" data-elementor-id=\"1298\" class=\"elementor elementor-1298 elementor-75\" data-elementor-post-type=\"page\">\n\t\t\t\t<div class=\"elementor-element elementor-element-65c99e9 e-flex e-con-boxed e-con e-parent\" data-id=\"65c99e9\" data-element_type=\"container\" data-e-type=\"container\">\n\t\t\t\t\t<div class=\"e-con-inner\">\n\t\t\t\t<div class=\"elementor-element elementor-element-f71a9a9 elementor-grid-2 elementor-grid-tablet-2 elementor-grid-mobile-1 elementor-widget elementor-widget-portfolio\" data-id=\"f71a9a9\" data-element_type=\"widget\" data-e-type=\"widget\" data-settings=\"{&quot;columns&quot;:&quot;2&quot;,&quot;masonry&quot;:&quot;yes&quot;,&quot;row_gap&quot;:{&quot;unit&quot;:&quot;px&quot;,&quot;size&quot;:50,&quot;sizes&quot;:[]},&quot;columns_tablet&quot;:&quot;2&quot;,&quot;columns_mobile&quot;:&quot;1&quot;,&quot;item_gap&quot;:{&quot;unit&quot;:&quot;px&quot;,&quot;size&quot;:&quot;&quot;,&quot;sizes&quot;:[]}}\" data-widget_type=\"portfolio.default\">\n\t\t\t\t<div class=\"elementor-widget-container\">\n\t\t\t\t\t\t\t<div class=\"elementor-portfolio elementor-grid elementor-posts-container\" role=\"list\">\n\t\t\t\t<article class=\"elementor-portfolio-item elementor-post  post-1312 page type-page status-publish has-post-thumbnail hentry proyectos-proyectos-home\" role=\"listitem\">\n\t\t\t<a class=\"elementor-post__thumbnail__link\" href=\"https:\/\/carolinedescars.com\/fr\/madrid-nuevos-ministerios\/\">\n\t\t\t\t<div class=\"elementor-portfolio-item__img elementor-post__thumbnail\">\n\t\t\t<img fetchpriority=\"high\" decoding=\"async\" width=\"1500\" height=\"2000\" src=\"https:\/\/carolinedescars.com\/wp-content\/uploads\/2025\/06\/Madrid-Nuevos-Ministerios-SALON8.jpg\" class=\"attachment-full size-full wp-image-1198\" alt=\"\" srcset=\"https:\/\/carolinedescars.com\/wp-content\/uploads\/2025\/06\/Madrid-Nuevos-Ministerios-SALON8.jpg 1500w, https:\/\/carolinedescars.com\/wp-content\/uploads\/2025\/06\/Madrid-Nuevos-Ministerios-SALON8-225x300.jpg 225w, https:\/\/carolinedescars.com\/wp-content\/uploads\/2025\/06\/Madrid-Nuevos-Ministerios-SALON8-768x1024.jpg 768w, https:\/\/carolinedescars.com\/wp-content\/uploads\/2025\/06\/Madrid-Nuevos-Ministerios-SALON8-1152x1536.jpg 1152w\" sizes=\"(max-width: 1500px) 100vw, 1500px\" \/>\t\t<\/div>\n\t\t\t\t<div class=\"elementor-portfolio-item__overlay\">\n\t\t\t\t<h3 class=\"elementor-portfolio-item__title\">\n\t\tMadrid, Nuevos Ministerios\t\t<\/h3>\n\t\t\t\t<\/div>\n\t\t\t\t<\/a>\n\t\t<\/article>\n\t\t\t\t<article class=\"elementor-portfolio-item elementor-post  post-1314 page type-page status-publish has-post-thumbnail hentry proyectos-proyectos-home\" role=\"listitem\">\n\t\t\t<a class=\"elementor-post__thumbnail__link\" href=\"https:\/\/carolinedescars.com\/fr\/minorque-ciutadella\/\">\n\t\t\t\t<div class=\"elementor-portfolio-item__img elementor-post__thumbnail\">\n\t\t\t<img decoding=\"async\" width=\"1200\" height=\"1600\" src=\"https:\/\/carolinedescars.com\/wp-content\/uploads\/2025\/06\/Menorca-SALON4.jpeg\" class=\"attachment-full size-full wp-image-1262\" alt=\"\" srcset=\"https:\/\/carolinedescars.com\/wp-content\/uploads\/2025\/06\/Menorca-SALON4.jpeg 1200w, https:\/\/carolinedescars.com\/wp-content\/uploads\/2025\/06\/Menorca-SALON4-225x300.jpeg 225w, https:\/\/carolinedescars.com\/wp-content\/uploads\/2025\/06\/Menorca-SALON4-768x1024.jpeg 768w, https:\/\/carolinedescars.com\/wp-content\/uploads\/2025\/06\/Menorca-SALON4-1152x1536.jpeg 1152w\" sizes=\"(max-width: 1200px) 100vw, 1200px\" \/>\t\t<\/div>\n\t\t\t\t<div class=\"elementor-portfolio-item__overlay\">\n\t\t\t\t<h3 class=\"elementor-portfolio-item__title\">\n\t\tMinorque, Ciutadella\t\t<\/h3>\n\t\t\t\t<\/div>\n\t\t\t\t<\/a>\n\t\t<\/article>\n\t\t\t\t<article class=\"elementor-portfolio-item elementor-post  post-1573 page type-page status-publish has-post-thumbnail hentry proyectos-proyectos-home\" role=\"listitem\">\n\t\t\t<a class=\"elementor-post__thumbnail__link\" href=\"https:\/\/carolinedescars.com\/fr\/madrid-la-latina\/\">\n\t\t\t\t<div class=\"elementor-portfolio-item__img elementor-post__thumbnail\">\n\t\t\t<img decoding=\"async\" width=\"1024\" height=\"1536\" src=\"https:\/\/carolinedescars.com\/wp-content\/uploads\/2026\/03\/Madrid-La-Latina-1-terraza.png\" class=\"attachment-full size-full wp-image-1578\" alt=\"\" srcset=\"https:\/\/carolinedescars.com\/wp-content\/uploads\/2026\/03\/Madrid-La-Latina-1-terraza.png 1024w, https:\/\/carolinedescars.com\/wp-content\/uploads\/2026\/03\/Madrid-La-Latina-1-terraza-200x300.png 200w, https:\/\/carolinedescars.com\/wp-content\/uploads\/2026\/03\/Madrid-La-Latina-1-terraza-683x1024.png 683w, https:\/\/carolinedescars.com\/wp-content\/uploads\/2026\/03\/Madrid-La-Latina-1-terraza-768x1152.png 768w\" sizes=\"(max-width: 1024px) 100vw, 1024px\" \/>\t\t<\/div>\n\t\t\t\t<div class=\"elementor-portfolio-item__overlay\">\n\t\t\t\t<h3 class=\"elementor-portfolio-item__title\">\n\t\tMadrid, La Latina\t\t<\/h3>\n\t\t\t\t<\/div>\n\t\t\t\t<\/a>\n\t\t<\/article>\n\t\t\t\t<article class=\"elementor-portfolio-item elementor-post  post-1316 page type-page status-publish has-post-thumbnail hentry proyectos-proyectos-home\" role=\"listitem\">\n\t\t\t<a class=\"elementor-post__thumbnail__link\" href=\"https:\/\/carolinedescars.com\/fr\/madrid-malasana\/\">\n\t\t\t\t<div class=\"elementor-portfolio-item__img elementor-post__thumbnail\">\n\t\t\t<img loading=\"lazy\" decoding=\"async\" width=\"1024\" height=\"768\" src=\"https:\/\/carolinedescars.com\/wp-content\/uploads\/2025\/06\/malasana-TERRAZA1.jpg\" class=\"attachment-full size-full wp-image-1282\" alt=\"\" srcset=\"https:\/\/carolinedescars.com\/wp-content\/uploads\/2025\/06\/malasana-TERRAZA1.jpg 1024w, https:\/\/carolinedescars.com\/wp-content\/uploads\/2025\/06\/malasana-TERRAZA1-300x225.jpg 300w, https:\/\/carolinedescars.com\/wp-content\/uploads\/2025\/06\/malasana-TERRAZA1-768x576.jpg 768w\" sizes=\"(max-width: 1024px) 100vw, 1024px\" \/>\t\t<\/div>\n\t\t\t\t<div class=\"elementor-portfolio-item__overlay\">\n\t\t\t\t<h3 class=\"elementor-portfolio-item__title\">\n\t\tMadrid, Malasa\u00f1a\t\t<\/h3>\n\t\t\t\t<\/div>\n\t\t\t\t<\/a>\n\t\t<\/article>\n\t\t\t\t<article class=\"elementor-portfolio-item elementor-post  post-1318 page type-page status-publish has-post-thumbnail hentry proyectos-proyectos-home\" role=\"listitem\">\n\t\t\t<a class=\"elementor-post__thumbnail__link\" href=\"https:\/\/carolinedescars.com\/fr\/maison-de-campagne-projet\/\">\n\t\t\t\t<div class=\"elementor-portfolio-item__img elementor-post__thumbnail\">\n\t\t\t<img loading=\"lazy\" decoding=\"async\" width=\"1200\" height=\"757\" src=\"https:\/\/carolinedescars.com\/wp-content\/uploads\/2025\/06\/casa-de-campo-exterior-1.jpg\" class=\"attachment-full size-full wp-image-1287\" alt=\"\" srcset=\"https:\/\/carolinedescars.com\/wp-content\/uploads\/2025\/06\/casa-de-campo-exterior-1.jpg 1200w, https:\/\/carolinedescars.com\/wp-content\/uploads\/2025\/06\/casa-de-campo-exterior-1-300x189.jpg 300w, https:\/\/carolinedescars.com\/wp-content\/uploads\/2025\/06\/casa-de-campo-exterior-1-1024x646.jpg 1024w, https:\/\/carolinedescars.com\/wp-content\/uploads\/2025\/06\/casa-de-campo-exterior-1-768x484.jpg 768w\" sizes=\"(max-width: 1200px) 100vw, 1200px\" \/>\t\t<\/div>\n\t\t\t\t<div class=\"elementor-portfolio-item__overlay\">\n\t\t\t\t<h3 class=\"elementor-portfolio-item__title\">\n\t\tMaison de campagne, projet\t\t<\/h3>\n\t\t\t\t<\/div>\n\t\t\t\t<\/a>\n\t\t<\/article>\n\t\t\t\t<article class=\"elementor-portfolio-item elementor-post  post-1320 page type-page status-publish has-post-thumbnail hentry proyectos-proyectos-home\" role=\"listitem\">\n\t\t\t<a class=\"elementor-post__thumbnail__link\" href=\"https:\/\/carolinedescars.com\/fr\/paris-trocadero\/\">\n\t\t\t\t<div class=\"elementor-portfolio-item__img elementor-post__thumbnail\">\n\t\t\t<img loading=\"lazy\" decoding=\"async\" width=\"1200\" height=\"1600\" src=\"https:\/\/carolinedescars.com\/wp-content\/uploads\/2025\/06\/Paris-Trocadero-Angelique-salon.jpg\" class=\"attachment-full size-full wp-image-1227\" alt=\"\" srcset=\"https:\/\/carolinedescars.com\/wp-content\/uploads\/2025\/06\/Paris-Trocadero-Angelique-salon.jpg 1200w, https:\/\/carolinedescars.com\/wp-content\/uploads\/2025\/06\/Paris-Trocadero-Angelique-salon-225x300.jpg 225w, https:\/\/carolinedescars.com\/wp-content\/uploads\/2025\/06\/Paris-Trocadero-Angelique-salon-768x1024.jpg 768w, https:\/\/carolinedescars.com\/wp-content\/uploads\/2025\/06\/Paris-Trocadero-Angelique-salon-1152x1536.jpg 1152w\" sizes=\"(max-width: 1200px) 100vw, 1200px\" \/>\t\t<\/div>\n\t\t\t\t<div class=\"elementor-portfolio-item__overlay\">\n\t\t\t\t<h3 class=\"elementor-portfolio-item__title\">\n\t\tParis, Trocad\u00e9ro\t\t<\/h3>\n\t\t\t\t<\/div>\n\t\t\t\t<\/a>\n\t\t<\/article>\n\t\t\t\t<article class=\"elementor-portfolio-item elementor-post  post-1322 page type-page status-publish has-post-thumbnail hentry proyectos-proyectos-home\" role=\"listitem\">\n\t\t\t<a class=\"elementor-post__thumbnail__link\" href=\"https:\/\/carolinedescars.com\/fr\/paris-passy\/\">\n\t\t\t\t<div class=\"elementor-portfolio-item__img elementor-post__thumbnail\">\n\t\t\t<img loading=\"lazy\" decoding=\"async\" width=\"800\" height=\"533\" src=\"https:\/\/carolinedescars.com\/wp-content\/uploads\/2025\/06\/Paris-Passy-Marronniers-Salon.jpg\" class=\"attachment-full size-full wp-image-1213\" alt=\"\" srcset=\"https:\/\/carolinedescars.com\/wp-content\/uploads\/2025\/06\/Paris-Passy-Marronniers-Salon.jpg 800w, https:\/\/carolinedescars.com\/wp-content\/uploads\/2025\/06\/Paris-Passy-Marronniers-Salon-300x200.jpg 300w, https:\/\/carolinedescars.com\/wp-content\/uploads\/2025\/06\/Paris-Passy-Marronniers-Salon-768x512.jpg 768w\" sizes=\"(max-width: 800px) 100vw, 800px\" \/>\t\t<\/div>\n\t\t\t\t<div class=\"elementor-portfolio-item__overlay\">\n\t\t\t\t<h3 class=\"elementor-portfolio-item__title\">\n\t\tParis, Passy\t\t<\/h3>\n\t\t\t\t<\/div>\n\t\t\t\t<\/a>\n\t\t<\/article>\n\t\t\t\t<article class=\"elementor-portfolio-item elementor-post  post-1324 page type-page status-publish has-post-thumbnail hentry proyectos-proyectos-home\" role=\"listitem\">\n\t\t\t<a class=\"elementor-post__thumbnail__link\" href=\"https:\/\/carolinedescars.com\/fr\/paris-la-muette\/\">\n\t\t\t\t<div class=\"elementor-portfolio-item__img elementor-post__thumbnail\">\n\t\t\t<img loading=\"lazy\" decoding=\"async\" width=\"406\" height=\"522\" src=\"https:\/\/carolinedescars.com\/wp-content\/uploads\/2025\/07\/Paris-La-Muette-04salon3.jpg\" class=\"attachment-full size-full wp-image-1379\" alt=\"\" srcset=\"https:\/\/carolinedescars.com\/wp-content\/uploads\/2025\/07\/Paris-La-Muette-04salon3.jpg 406w, https:\/\/carolinedescars.com\/wp-content\/uploads\/2025\/07\/Paris-La-Muette-04salon3-233x300.jpg 233w\" sizes=\"(max-width: 406px) 100vw, 406px\" \/>\t\t<\/div>\n\t\t\t\t<div class=\"elementor-portfolio-item__overlay\">\n\t\t\t\t<h3 class=\"elementor-portfolio-item__title\">\n\t\tParis, La Muette\t\t<\/h3>\n\t\t\t\t<\/div>\n\t\t\t\t<\/a>\n\t\t<\/article>\n\t\t\t\t<\/div>\n\t\t\t\t\t\t<\/div>\n\t\t\t\t<\/div>\n\t\t\t\t<div class=\"elementor-element elementor-element-e1101ce elementor-widget elementor-widget-html\" data-id=\"e1101ce\" data-element_type=\"widget\" data-e-type=\"widget\" data-widget_type=\"html.default\">\n\t\t\t\t<div class=\"elementor-widget-container\">\n\t\t\t\t\t<script>document.querySelectorAll('.elementor-portfolio-item').forEach(function(item) {\r\n    const title = item.querySelector('.elementor-portfolio-item__title');\r\n    if (title) {\r\n      item.setAttribute('data-title', title.textContent.trim());\r\n    }\r\n  });\r\n<\/script>\t\t\t\t<\/div>\n\t\t\t\t<\/div>\n\t\t\t\t<div class=\"elementor-element elementor-element-7a97033 elementor-grid-2 elementor-hidden-desktop elementor-hidden-tablet elementor-hidden-mobile elementor-grid-tablet-2 elementor-grid-mobile-1 elementor-widget elementor-widget-loop-grid\" data-id=\"7a97033\" data-element_type=\"widget\" data-e-type=\"widget\" data-settings=\"{&quot;template_id&quot;:783,&quot;masonry&quot;:&quot;yes&quot;,&quot;columns&quot;:2,&quot;_skin&quot;:&quot;post&quot;,&quot;columns_tablet&quot;:&quot;2&quot;,&quot;columns_mobile&quot;:&quot;1&quot;,&quot;edit_handle_selector&quot;:&quot;[data-elementor-type=\\&quot;loop-item\\&quot;]&quot;,&quot;row_gap&quot;:{&quot;unit&quot;:&quot;px&quot;,&quot;size&quot;:&quot;&quot;,&quot;sizes&quot;:[]},&quot;row_gap_tablet&quot;:{&quot;unit&quot;:&quot;px&quot;,&quot;size&quot;:&quot;&quot;,&quot;sizes&quot;:[]},&quot;row_gap_mobile&quot;:{&quot;unit&quot;:&quot;px&quot;,&quot;size&quot;:&quot;&quot;,&quot;sizes&quot;:[]}}\" data-widget_type=\"loop-grid.post\">\n\t\t\t\t<div class=\"elementor-widget-container\">\n\t\t\t\t\t\t\t<div class=\"elementor-loop-container elementor-grid\" role=\"list\">\n\t\t<style id=\"loop-783\">.elementor-783 .elementor-element.elementor-element-ab7e123{--display:flex;--flex-direction:column;--container-widget-width:100%;--container-widget-height:initial;--container-widget-flex-grow:0;--container-widget-align-self:initial;--flex-wrap-mobile:wrap;--border-radius:25px 25px 25px 25px;}.elementor-783 .elementor-element.elementor-element-ab7e123:hover::before, .elementor-783 .elementor-element.elementor-element-ab7e123:hover > .elementor-background-video-container::before, .elementor-783 .elementor-element.elementor-element-ab7e123:hover > .e-con-inner > .elementor-background-video-container::before, .elementor-783 .elementor-element.elementor-element-ab7e123 > .elementor-background-slideshow:hover::before, .elementor-783 .elementor-element.elementor-element-ab7e123 > .e-con-inner > .elementor-background-slideshow:hover::before{--background-overlay:'';background-color:var( --e-global-color-primary );}.elementor-783 .elementor-element.elementor-element-ab7e123:hover{--overlay-opacity:0.5;}.elementor-widget-theme-post-featured-image .widget-image-caption{color:var( --e-global-color-text );font-family:var( --e-global-typography-text-font-family ), Sans-serif;font-size:var( --e-global-typography-text-font-size );font-weight:var( --e-global-typography-text-font-weight );}.elementor-783 .elementor-element.elementor-element-82a3971 img{max-width:100%;border-radius:25px 25px 25px 25px;}.elementor-widget-theme-post-title .elementor-heading-title{font-family:var( --e-global-typography-primary-font-family ), Sans-serif;font-weight:var( --e-global-typography-primary-font-weight );color:var( --e-global-color-primary );}.elementor-783 .elementor-element.elementor-element-8a3d387 .elementor-heading-title{font-family:\"Dubai\", Sans-serif;font-size:1.3em;font-weight:normal;}.elementor-783 .elementor-element.elementor-element-8a3d387 > .elementor-widget-container{padding:0px 15px 15px 15px;}@media(max-width:1024px){.elementor-widget-theme-post-featured-image .widget-image-caption{font-size:var( --e-global-typography-text-font-size );}}@media(max-width:767px){.elementor-widget-theme-post-featured-image .widget-image-caption{font-size:var( --e-global-typography-text-font-size );}}<\/style>\t\t<div data-elementor-type=\"loop-item\" data-elementor-id=\"783\" class=\"elementor elementor-783 e-loop-item e-loop-item-1334 post-1334 post type-post status-publish format-standard has-post-thumbnail hentry category-non-categorise\" data-elementor-post-type=\"elementor_library\" data-custom-edit-handle=\"1\">\n\t\t\t<div class=\"elementor-element elementor-element-ab7e123 e-flex e-con-boxed e-con e-parent\" data-id=\"ab7e123\" data-element_type=\"container\" data-e-type=\"container\">\n\t\t\t\t\t<div class=\"e-con-inner\">\n\t\t\t\t<div class=\"elementor-element elementor-element-82a3971 elementor-widget elementor-widget-theme-post-featured-image elementor-widget-image\" data-id=\"82a3971\" data-element_type=\"widget\" data-e-type=\"widget\" data-widget_type=\"theme-post-featured-image.default\">\n\t\t\t\t<div class=\"elementor-widget-container\">\n\t\t\t\t\t\t\t\t\t\t\t\t\t\t\t<img loading=\"lazy\" decoding=\"async\" width=\"1200\" height=\"900\" src=\"https:\/\/carolinedescars.com\/wp-content\/uploads\/2025\/06\/Menorca-EXT2.jpeg\" class=\"attachment-full size-full wp-image-1236\" alt=\"\" srcset=\"https:\/\/carolinedescars.com\/wp-content\/uploads\/2025\/06\/Menorca-EXT2.jpeg 1200w, https:\/\/carolinedescars.com\/wp-content\/uploads\/2025\/06\/Menorca-EXT2-300x225.jpeg 300w, https:\/\/carolinedescars.com\/wp-content\/uploads\/2025\/06\/Menorca-EXT2-1024x768.jpeg 1024w, https:\/\/carolinedescars.com\/wp-content\/uploads\/2025\/06\/Menorca-EXT2-768x576.jpeg 768w\" sizes=\"(max-width: 1200px) 100vw, 1200px\" \/>\t\t\t\t\t\t\t\t\t\t\t\t\t\t\t<\/div>\n\t\t\t\t<\/div>\n\t\t\t\t<div class=\"elementor-element elementor-element-8a3d387 elementor-widget elementor-widget-theme-post-title elementor-page-title elementor-widget-heading\" data-id=\"8a3d387\" data-element_type=\"widget\" data-e-type=\"widget\" data-widget_type=\"theme-post-title.default\">\n\t\t\t\t<div class=\"elementor-widget-container\">\n\t\t\t\t\t<h3 class=\"elementor-heading-title elementor-size-default\">Donner une \u00e2me \u00e0 votre espace de vie : comment cr\u00e9er des espaces \u00e9l\u00e9gants et fonctionnels avec du caract\u00e8re ?<\/h3>\t\t\t\t<\/div>\n\t\t\t\t<\/div>\n\t\t\t\t\t<\/div>\n\t\t\t\t<\/div>\n\t\t\t\t<\/div>\n\t\t\t\t<div data-elementor-type=\"loop-item\" data-elementor-id=\"783\" class=\"elementor elementor-783 e-loop-item e-loop-item-1336 post-1336 post type-post status-publish format-standard has-post-thumbnail hentry category-non-categorise\" data-elementor-post-type=\"elementor_library\" data-custom-edit-handle=\"1\">\n\t\t\t<div class=\"elementor-element elementor-element-ab7e123 e-flex e-con-boxed e-con e-parent\" data-id=\"ab7e123\" data-element_type=\"container\" data-e-type=\"container\">\n\t\t\t\t\t<div class=\"e-con-inner\">\n\t\t\t\t<div class=\"elementor-element elementor-element-82a3971 elementor-widget elementor-widget-theme-post-featured-image elementor-widget-image\" data-id=\"82a3971\" data-element_type=\"widget\" data-e-type=\"widget\" data-widget_type=\"theme-post-featured-image.default\">\n\t\t\t\t<div class=\"elementor-widget-container\">\n\t\t\t\t\t\t\t\t\t\t\t\t\t\t\t<img loading=\"lazy\" decoding=\"async\" width=\"2000\" height=\"1500\" src=\"https:\/\/carolinedescars.com\/wp-content\/uploads\/2025\/06\/foto-blog-2-1-1-e1751542385546.jpeg\" class=\"attachment-full size-full wp-image-1409\" alt=\"\" \/>\t\t\t\t\t\t\t\t\t\t\t\t\t\t\t<\/div>\n\t\t\t\t<\/div>\n\t\t\t\t<div class=\"elementor-element elementor-element-8a3d387 elementor-widget elementor-widget-theme-post-title elementor-page-title elementor-widget-heading\" data-id=\"8a3d387\" data-element_type=\"widget\" data-e-type=\"widget\" data-widget_type=\"theme-post-title.default\">\n\t\t\t\t<div class=\"elementor-widget-container\">\n\t\t\t\t\t<h3 class=\"elementor-heading-title elementor-size-default\">Comment planifier des travaux en toute s\u00e9r\u00e9nit\u00e9, sans stress avec un r\u00e9sultat \u00e0 la hauteur de ses esp\u00e9rances<\/h3>\t\t\t\t<\/div>\n\t\t\t\t<\/div>\n\t\t\t\t\t<\/div>\n\t\t\t\t<\/div>\n\t\t\t\t<\/div>\n\t\t\t\t<\/div>\n\t\t\n\t\t\t\t\t\t<\/div>\n\t\t\t\t<\/div>\n\t\t\t\t\t<\/div>\n\t\t\t\t<\/div>\n\t\t\t\t<\/div>\n\t\t","protected":false},"excerpt":{"rendered":"","protected":false},"author":1,"featured_media":0,"parent":0,"menu_order":0,"comment_status":"closed","ping_status":"closed","template":"","meta":{"footnotes":""},"proyectos":[],"class_list":["post-1298","page","type-page","status-publish","hentry"],"_links":{"self":[{"href":"https:\/\/carolinedescars.com\/fr\/wp-json\/wp\/v2\/pages\/1298","targetHints":{"allow":["GET"]}}],"collection":[{"href":"https:\/\/carolinedescars.com\/fr\/wp-json\/wp\/v2\/pages"}],"about":[{"href":"https:\/\/carolinedescars.com\/fr\/wp-json\/wp\/v2\/types\/page"}],"author":[{"embeddable":true,"href":"https:\/\/carolinedescars.com\/fr\/wp-json\/wp\/v2\/users\/1"}],"replies":[{"embeddable":true,"href":"https:\/\/carolinedescars.com\/fr\/wp-json\/wp\/v2\/comments?post=1298"}],"version-history":[{"count":2,"href":"https:\/\/carolinedescars.com\/fr\/wp-json\/wp\/v2\/pages\/1298\/revisions"}],"predecessor-version":[{"id":1374,"href":"https:\/\/carolinedescars.com\/fr\/wp-json\/wp\/v2\/pages\/1298\/revisions\/1374"}],"wp:attachment":[{"href":"https:\/\/carolinedescars.com\/fr\/wp-json\/wp\/v2\/media?parent=1298"}],"wp:term":[{"taxonomy":"proyectos","embeddable":true,"href":"https:\/\/carolinedescars.com\/fr\/wp-json\/wp\/v2\/proyectos?post=1298"}],"curies":[{"name":"wp","href":"https:\/\/api.w.org\/{rel}","templated":true}]}}